{"id":3418,"date":"2023-08-12T11:54:53","date_gmt":"2023-08-12T11:54:53","guid":{"rendered":"https:\/\/wptf.themepul.co\/tronix\/?page_id=3418"},"modified":"2025-05-06T16:25:07","modified_gmt":"2025-05-06T14:25:07","slug":"qui-sommes-nous","status":"publish","type":"page","link":"https:\/\/stopmoustiquaires.fr\/index.php\/qui-sommes-nous\/","title":{"rendered":"Qui sommes-nous ?"},"content":{"rendered":"\t\t<div data-elementor-type=\"wp-page\" data-elementor-id=\"3418\" class=\"elementor elementor-3418\">\n\t\t\t\t\t\t\t<div class=\"shapeanimation tp-section-image tp-section-image-530b086 elementor-repeater-item-843d05e\"><\/div>\t\t<section data-tp-section-image=\"yes\" class=\"elementor-section elementor-top-section elementor-element elementor-element-530b086 elementor-section-boxed elementor-section-height-default elementor-section-height-default\" data-id=\"530b086\" data-element_type=\"section\">\n\t\t\t\t\t\t<div class=\"elementor-container elementor-column-gap-no\">\n\t\t\t\t\t<div class=\"elementor-column elementor-col-50 elementor-top-column elementor-element elementor-element-6714cb5\" data-id=\"6714cb5\" data-element_type=\"column\">\n\t\t\t<div class=\"elementor-widget-wrap elementor-element-populated\">\n\t\t\t\t\t\t\t\t<div class=\"elementor-element elementor-element-117fb44 elementor-widget elementor-widget-grid_image\" data-id=\"117fb44\" data-element_type=\"widget\" data-widget_type=\"grid_image.default\">\n\t\t\t\t<div class=\"elementor-widget-container\">\n\t\t\t        <div class=\"grid-image-wrapper\">\r\n            <div class=\"small-image-wrapper\">\r\n                <div class=\"small-image-one\">\r\n                    <img fetchpriority=\"high\" decoding=\"async\" width=\"830\" height=\"524\" src=\"https:\/\/stopmoustiquaires.fr\/wp-content\/uploads\/2023\/11\/Moustiquaire-compobaie-big-1.png\" class=\"attachment-full size-full\" alt=\"\" srcset=\"https:\/\/stopmoustiquaires.fr\/wp-content\/uploads\/2023\/11\/Moustiquaire-compobaie-big-1.png 830w, https:\/\/stopmoustiquaires.fr\/wp-content\/uploads\/2023\/11\/Moustiquaire-compobaie-big-1-300x189.png 300w, https:\/\/stopmoustiquaires.fr\/wp-content\/uploads\/2023\/11\/Moustiquaire-compobaie-big-1-768x485.png 768w, https:\/\/stopmoustiquaires.fr\/wp-content\/uploads\/2023\/11\/Moustiquaire-compobaie-big-1-600x379.png 600w\" sizes=\"(max-width: 830px) 100vw, 830px\" \/>                <\/div>\r\n                <div class=\"small-image-two\">\r\n                    <img decoding=\"async\" width=\"787\" height=\"528\" src=\"https:\/\/stopmoustiquaires.fr\/wp-content\/uploads\/2023\/11\/Screenshot-2023-11-12-190544-e1699812934319.png\" class=\"attachment-full size-full\" alt=\"\" srcset=\"https:\/\/stopmoustiquaires.fr\/wp-content\/uploads\/2023\/11\/Screenshot-2023-11-12-190544-e1699812934319.png 787w, https:\/\/stopmoustiquaires.fr\/wp-content\/uploads\/2023\/11\/Screenshot-2023-11-12-190544-e1699812934319-300x201.png 300w, https:\/\/stopmoustiquaires.fr\/wp-content\/uploads\/2023\/11\/Screenshot-2023-11-12-190544-e1699812934319-768x515.png 768w, https:\/\/stopmoustiquaires.fr\/wp-content\/uploads\/2023\/11\/Screenshot-2023-11-12-190544-e1699812934319-600x403.png 600w\" sizes=\"(max-width: 787px) 100vw, 787px\" \/>                <\/div>\r\n            <\/div>\r\n            <div class=\"big-image\">\r\n                <img decoding=\"async\" width=\"520\" height=\"524\" src=\"https:\/\/stopmoustiquaires.fr\/wp-content\/uploads\/2023\/06\/7-1.png\" class=\"attachment-full size-full\" alt=\"\" srcset=\"https:\/\/stopmoustiquaires.fr\/wp-content\/uploads\/2023\/06\/7-1.png 520w, https:\/\/stopmoustiquaires.fr\/wp-content\/uploads\/2023\/06\/7-1-100x100.png 100w, https:\/\/stopmoustiquaires.fr\/wp-content\/uploads\/2023\/06\/7-1-298x300.png 298w, https:\/\/stopmoustiquaires.fr\/wp-content\/uploads\/2023\/06\/7-1-150x150.png 150w\" sizes=\"(max-width: 520px) 100vw, 520px\" \/>            <\/div>\r\n        <\/div>\r\n        \t\t<\/div>\n\t\t\t\t<\/div>\n\t\t\t\t\t<\/div>\n\t\t<\/div>\n\t\t\t\t<div class=\"elementor-column elementor-col-50 elementor-top-column elementor-element elementor-element-03f8fee\" data-id=\"03f8fee\" data-element_type=\"column\">\n\t\t\t<div class=\"elementor-widget-wrap elementor-element-populated\">\n\t\t\t\t\t\t\t\t<div class=\"elementor-element elementor-element-8ccb333 elementor-widget elementor-widget-tronix_about\" data-id=\"8ccb333\" data-element_type=\"widget\" data-widget_type=\"tronix_about.default\">\n\t\t\t\t<div class=\"elementor-widget-container\">\n\t\t\t        <div class=\"about-section-wraper\">\n            <div class=\"container\">\n                <div class=\"about_content \">\n                    <div class=\"about-item\">\n                         <span class=\"about-small-stitle\"> Vous en avez assez de vous faire piquer? On a ce qu&#039;il vous faut ! <\/span>                         \n                            <h2 class=\"about-title\"> STOP Moustiquaires \n                            <\/h2>\n                                                 <div class=\"about-des\"> <p>STOP Moustiquaires est une entreprise familiale sp\u00e9cialis\u00e9e dans la vente et l'installation de moustiquaires sur mesure depuis 2022 et dont le si\u00e8ge se trouve dans la r\u00e9gion lyonnaise. Nous nous consacrons \u00e0 offrir \u00e0 nos clients une solution compl\u00e8te pour la protection contre les insectes.\u00a0<\/p> <\/div>                                            <\/div>\n                <\/div>\n            <\/div>\n        <\/div>\n        \t\t<\/div>\n\t\t\t\t<\/div>\n\t\t\t\t<div class=\"elementor-element elementor-element-5d1c7ab elementor-widget elementor-widget-tronix_about\" data-id=\"5d1c7ab\" data-element_type=\"widget\" data-widget_type=\"tronix_about.default\">\n\t\t\t\t<div class=\"elementor-widget-container\">\n\t\t\t        <div class=\"about-section-wraper\">\n            <div class=\"container-fluid\">\n                <div class=\"about_content \">\n                    <div class=\"about-item\">\n                                                                         <div class=\"about-des\"> <p>Chez STOP Moustiquaires, notre objectif est de rendre votre environnement int\u00e9rieur plus confortable en \u00e9liminant les tracas li\u00e9s aux insectes. Faites-nous confiance pour une protection fiable, combinant qualit\u00e9, esth\u00e9tique et fonctionnalit\u00e9.<\/p><p>Contactez-nous d\u00e8s aujourd'hui pour une consultation personnalis\u00e9e.\u00a0<\/p> <\/div>                                            <\/div>\n                <\/div>\n            <\/div>\n        <\/div>\n        \t\t<\/div>\n\t\t\t\t<\/div>\n\t\t\t\t<div class=\"elementor-element elementor-element-a7e08f3 elementor-widget elementor-widget-Tronix List\" data-id=\"a7e08f3\" data-element_type=\"widget\" data-widget_type=\"Tronix List.default\">\n\t\t\t\t<div class=\"elementor-widget-container\">\n\t\t\t        <div class=\"tronix_list-wrapper\">\n            <div class=\"container\">\n                <div class=\"row \">\n                                                                <div class=\"col-xl-12 col-lg-12 col-md-12 col-12\">\n                            <div class=\"tronix-list-box-item \">\n                                <div class=\"tronix-list-icon\">\n                                    <i aria-hidden=\"true\" class=\"bi bi-check2\"><\/i>                                <\/div>\n                                                                    <div class=\"tronix-list-title\">  Vari\u00e9t\u00e9 de moustiquaires <\/div>\n                                                            <\/div>\n                        <\/div>\n                                            <div class=\"col-xl-12 col-lg-12 col-md-12 col-12\">\n                            <div class=\"tronix-list-box-item \">\n                                <div class=\"tronix-list-icon\">\n                                    <i aria-hidden=\"true\" class=\"bi bi-check2\"><\/i>                                <\/div>\n                                                                    <div class=\"tronix-list-title\">  Installation facile et livraison rapide <\/div>\n                                                            <\/div>\n                        <\/div>\n                                            <div class=\"col-xl-12 col-lg-12 col-md-12 col-12\">\n                            <div class=\"tronix-list-box-item \">\n                                <div class=\"tronix-list-icon\">\n                                    <i aria-hidden=\"true\" class=\"bi bi-check2\"><\/i>                                <\/div>\n                                                                    <div class=\"tronix-list-title\">  Garantie 1 an <\/div>\n                                                            <\/div>\n                        <\/div>\n                                    <\/div>\n            <\/div>\n        <\/div>\n    \t\t<\/div>\n\t\t\t\t<\/div>\n\t\t\t\t\t<\/div>\n\t\t<\/div>\n\t\t\t\t\t\t\t<\/div>\n\t\t<\/section>\n\t\t<div class=\"elementor-element elementor-element-79f530b e-flex e-con-boxed e-con e-parent\" data-id=\"79f530b\" data-element_type=\"container\" data-settings=\"{&quot;content_width&quot;:&quot;boxed&quot;}\" data-core-v316-plus=\"true\">\n\t\t\t\t\t<div class=\"e-con-inner\">\n\t\t<div class=\"elementor-element elementor-element-cc2fac8 e-con-full e-flex e-con e-child\" data-id=\"cc2fac8\" data-element_type=\"container\" data-settings=\"{&quot;content_width&quot;:&quot;full&quot;}\">\n\t\t\t\t<div class=\"elementor-element elementor-element-6395927 elementor-widget elementor-widget-grid_image\" data-id=\"6395927\" data-element_type=\"widget\" data-widget_type=\"grid_image.default\">\n\t\t\t\t<div class=\"elementor-widget-container\">\n\t\t\t        <div class=\"grid-image-wrapper\">\r\n            <div class=\"small-image-wrapper\">\r\n                <div class=\"small-image-one\">\r\n                    <img loading=\"lazy\" decoding=\"async\" width=\"1440\" height=\"2560\" src=\"https:\/\/stopmoustiquaires.fr\/wp-content\/uploads\/2023\/11\/FB7CF53C-E1AD-495D-A35C-850FD32CCF2D-1.jpg\" class=\"attachment-full size-full\" alt=\"\" srcset=\"https:\/\/stopmoustiquaires.fr\/wp-content\/uploads\/2023\/11\/FB7CF53C-E1AD-495D-A35C-850FD32CCF2D-1.jpg 1440w, https:\/\/stopmoustiquaires.fr\/wp-content\/uploads\/2023\/11\/FB7CF53C-E1AD-495D-A35C-850FD32CCF2D-1-169x300.jpg 169w, https:\/\/stopmoustiquaires.fr\/wp-content\/uploads\/2023\/11\/FB7CF53C-E1AD-495D-A35C-850FD32CCF2D-1-576x1024.jpg 576w, https:\/\/stopmoustiquaires.fr\/wp-content\/uploads\/2023\/11\/FB7CF53C-E1AD-495D-A35C-850FD32CCF2D-1-768x1365.jpg 768w, https:\/\/stopmoustiquaires.fr\/wp-content\/uploads\/2023\/11\/FB7CF53C-E1AD-495D-A35C-850FD32CCF2D-1-864x1536.jpg 864w, https:\/\/stopmoustiquaires.fr\/wp-content\/uploads\/2023\/11\/FB7CF53C-E1AD-495D-A35C-850FD32CCF2D-1-1152x2048.jpg 1152w, https:\/\/stopmoustiquaires.fr\/wp-content\/uploads\/2023\/11\/FB7CF53C-E1AD-495D-A35C-850FD32CCF2D-1-600x1067.jpg 600w\" sizes=\"(max-width: 1440px) 100vw, 1440px\" \/>                <\/div>\r\n                <div class=\"small-image-two\">\r\n                    <img loading=\"lazy\" decoding=\"async\" width=\"1440\" height=\"1593\" src=\"https:\/\/stopmoustiquaires.fr\/wp-content\/uploads\/2023\/11\/thumbnail_image0-e1700397306238.jpg\" class=\"attachment-full size-full\" alt=\"\" srcset=\"https:\/\/stopmoustiquaires.fr\/wp-content\/uploads\/2023\/11\/thumbnail_image0-e1700397306238.jpg 1440w, https:\/\/stopmoustiquaires.fr\/wp-content\/uploads\/2023\/11\/thumbnail_image0-e1700397306238-271x300.jpg 271w, https:\/\/stopmoustiquaires.fr\/wp-content\/uploads\/2023\/11\/thumbnail_image0-e1700397306238-926x1024.jpg 926w, https:\/\/stopmoustiquaires.fr\/wp-content\/uploads\/2023\/11\/thumbnail_image0-e1700397306238-768x850.jpg 768w, https:\/\/stopmoustiquaires.fr\/wp-content\/uploads\/2023\/11\/thumbnail_image0-e1700397306238-1388x1536.jpg 1388w, https:\/\/stopmoustiquaires.fr\/wp-content\/uploads\/2023\/11\/thumbnail_image0-e1700397306238-600x664.jpg 600w\" sizes=\"(max-width: 1440px) 100vw, 1440px\" \/>                <\/div>\r\n            <\/div>\r\n            <div class=\"big-image\">\r\n                <img loading=\"lazy\" decoding=\"async\" width=\"480\" height=\"640\" src=\"https:\/\/stopmoustiquaires.fr\/wp-content\/uploads\/2023\/11\/thumbnail_image6-rotated.jpg\" class=\"attachment-full size-full\" alt=\"\" srcset=\"https:\/\/stopmoustiquaires.fr\/wp-content\/uploads\/2023\/11\/thumbnail_image6-rotated.jpg 480w, https:\/\/stopmoustiquaires.fr\/wp-content\/uploads\/2023\/11\/thumbnail_image6-225x300.jpg 225w\" sizes=\"(max-width: 480px) 100vw, 480px\" \/>            <\/div>\r\n        <\/div>\r\n        \t\t<\/div>\n\t\t\t\t<\/div>\n\t\t\t\t<\/div>\n\t\t<div class=\"elementor-element elementor-element-f49f259 e-con-full e-flex e-con e-child\" data-id=\"f49f259\" data-element_type=\"container\" data-settings=\"{&quot;content_width&quot;:&quot;full&quot;}\">\n\t\t\t\t<div class=\"elementor-element elementor-element-c997709 elementor-widget elementor-widget-image\" data-id=\"c997709\" data-element_type=\"widget\" data-widget_type=\"image.default\">\n\t\t\t\t<div class=\"elementor-widget-container\">\n\t\t\t<style>\/*! elementor - v3.18.0 - 08-12-2023 *\/\n.elementor-widget-image{text-align:center}.elementor-widget-image a{display:inline-block}.elementor-widget-image a img[src$=\".svg\"]{width:48px}.elementor-widget-image img{vertical-align:middle;display:inline-block}<\/style>\t\t\t\t\t\t\t\t\t\t\t\t<img loading=\"lazy\" decoding=\"async\" width=\"300\" height=\"262\" src=\"https:\/\/stopmoustiquaires.fr\/wp-content\/uploads\/2023\/11\/Rhone-Alpes_region_locator_map.svg-1-e1700309668454-300x262.png\" class=\"attachment-medium size-medium wp-image-3869\" alt=\"\" srcset=\"https:\/\/stopmoustiquaires.fr\/wp-content\/uploads\/2023\/11\/Rhone-Alpes_region_locator_map.svg-1-e1700309668454-300x262.png 300w, https:\/\/stopmoustiquaires.fr\/wp-content\/uploads\/2023\/11\/Rhone-Alpes_region_locator_map.svg-1-e1700309668454-1024x894.png 1024w, https:\/\/stopmoustiquaires.fr\/wp-content\/uploads\/2023\/11\/Rhone-Alpes_region_locator_map.svg-1-e1700309668454-768x670.png 768w, https:\/\/stopmoustiquaires.fr\/wp-content\/uploads\/2023\/11\/Rhone-Alpes_region_locator_map.svg-1-e1700309668454-600x524.png 600w, https:\/\/stopmoustiquaires.fr\/wp-content\/uploads\/2023\/11\/Rhone-Alpes_region_locator_map.svg-1-e1700309668454.png 1280w\" sizes=\"(max-width: 300px) 100vw, 300px\" \/>\t\t\t\t\t\t\t\t\t\t\t\t\t\t\t<\/div>\n\t\t\t\t<\/div>\n\t\t\t\t<div class=\"elementor-element elementor-element-080b212 elementor-widget elementor-widget-image\" data-id=\"080b212\" data-element_type=\"widget\" data-widget_type=\"image.default\">\n\t\t\t\t<div class=\"elementor-widget-container\">\n\t\t\t\t\t\t\t\t\t\t\t\t\t\t\t<img loading=\"lazy\" decoding=\"async\" width=\"300\" height=\"225\" src=\"https:\/\/stopmoustiquaires.fr\/wp-content\/uploads\/2023\/11\/thumbnail_image2-2-300x225.jpg\" class=\"attachment-medium size-medium wp-image-4642\" alt=\"\" srcset=\"https:\/\/stopmoustiquaires.fr\/wp-content\/uploads\/2023\/11\/thumbnail_image2-2-300x225.jpg 300w, https:\/\/stopmoustiquaires.fr\/wp-content\/uploads\/2023\/11\/thumbnail_image2-2-600x450.jpg 600w, https:\/\/stopmoustiquaires.fr\/wp-content\/uploads\/2023\/11\/thumbnail_image2-2.jpg 640w\" sizes=\"(max-width: 300px) 100vw, 300px\" \/>\t\t\t\t\t\t\t\t\t\t\t\t\t\t\t<\/div>\n\t\t\t\t<\/div>\n\t\t\t\t<\/div>\n\t\t\t\t\t<\/div>\n\t\t\t\t<\/div>\n\t\t\t\t\t\t\t<\/div>\n\t\t","protected":false},"excerpt":{"rendered":"<p>Vous en avez assez de vous faire piquer? On a ce qu&#039;il vous faut ! STOP Moustiquaires STOP Moustiquaires est une entreprise familiale sp\u00e9cialis\u00e9e dans la vente et l&#8217;installation de moustiquaires sur mesure depuis 2022 et dont le si\u00e8ge se trouve dans la r\u00e9gion lyonnaise. Nous nous consacrons \u00e0 offrir \u00e0 nos clients une solution [&hellip;]<\/p>\n","protected":false},"author":1,"featured_media":0,"parent":0,"menu_order":0,"comment_status":"closed","ping_status":"closed","template":"blank-template.php","meta":{"_monsterinsights_skip_tracking":false,"_monsterinsights_sitenote_active":false,"_monsterinsights_sitenote_note":"","_monsterinsights_sitenote_category":0,"footnotes":"","_joinchat":[]},"aioseo_notices":[],"_links":{"self":[{"href":"https:\/\/stopmoustiquaires.fr\/index.php\/wp-json\/wp\/v2\/pages\/3418"}],"collection":[{"href":"https:\/\/stopmoustiquaires.fr\/index.php\/wp-json\/wp\/v2\/pages"}],"about":[{"href":"https:\/\/stopmoustiquaires.fr\/index.php\/wp-json\/wp\/v2\/types\/page"}],"author":[{"embeddable":true,"href":"https:\/\/stopmoustiquaires.fr\/index.php\/wp-json\/wp\/v2\/users\/1"}],"replies":[{"embeddable":true,"href":"https:\/\/stopmoustiquaires.fr\/index.php\/wp-json\/wp\/v2\/comments?post=3418"}],"version-history":[{"count":83,"href":"https:\/\/stopmoustiquaires.fr\/index.php\/wp-json\/wp\/v2\/pages\/3418\/revisions"}],"predecessor-version":[{"id":4694,"href":"https:\/\/stopmoustiquaires.fr\/index.php\/wp-json\/wp\/v2\/pages\/3418\/revisions\/4694"}],"wp:attachment":[{"href":"https:\/\/stopmoustiquaires.fr\/index.php\/wp-json\/wp\/v2\/media?parent=3418"}],"curies":[{"name":"wp","href":"https:\/\/api.w.org\/{rel}","templated":true}]}}