{"id":2063,"date":"2023-06-20T06:39:05","date_gmt":"2023-06-20T06:39:05","guid":{"rendered":"https:\/\/wptf.themepul.co\/tronix\/?page_id=2063"},"modified":"2023-11-16T22:21:59","modified_gmt":"2023-11-16T21:21:59","slug":"faq","status":"publish","type":"page","link":"https:\/\/stopmoustiquaires.fr\/index.php\/faq\/","title":{"rendered":"Faq"},"content":{"rendered":"\t\t<div data-elementor-type=\"wp-page\" data-elementor-id=\"2063\" class=\"elementor elementor-2063\">\n\t\t\t\t\t\t\t\t\t<section class=\"elementor-section elementor-top-section elementor-element elementor-element-db1dce9 elementor-section-boxed elementor-section-height-default elementor-section-height-default\" data-id=\"db1dce9\" data-element_type=\"section\">\n\t\t\t\t\t\t<div class=\"elementor-container elementor-column-gap-no\">\n\t\t\t\t\t<div class=\"elementor-column elementor-col-50 elementor-top-column elementor-element elementor-element-41e5bc3\" data-id=\"41e5bc3\" data-element_type=\"column\">\n\t\t\t<div class=\"elementor-widget-wrap elementor-element-populated\">\n\t\t\t\t\t\t\t\t<div class=\"elementor-element elementor-element-c4d5fd6 elementor-widget elementor-widget-tronix_accordion\" data-id=\"c4d5fd6\" data-element_type=\"widget\" data-widget_type=\"tronix_accordion.default\">\n\t\t\t\t<div class=\"elementor-widget-container\">\n\t\t\t        <div class=\"tronix-accordion-wraper\">\r\n            <div class=\"container\">\r\n                <div class=\"accordion faq-accordion\" id=\"tronix-faq\">\r\n                                        <div class=\"accordion-item\">\r\n                        <h5 class=\"accordion-header\" id=\"faq1\">\r\n                            <button class=\"accordion-button collapse\" type=\"button\" data-bs-toggle=\"collapse\" data-bs-target=\"#tronix-faq-item-13311\" aria-expanded=\"false\" aria-controls=\"tronix-faq-item-13311\">\r\n                                Existe-t-il des moustiquaires pour toutes les ouvertures ?                            <\/button>\r\n                        <\/h5>\r\n                        <div id=\"tronix-faq-item-13311\" class=\"accordion-collapse collapse show\" aria-labelledby=\"faq1\" data-bs-parent=\"#tronix-faq\">\r\n                        <div class=\"accordion-body\"><p>Nos moustiquaires sont con\u00e7ues sur mesure et dans tous les ral de couleurs<\/p><\/div>\r\n                        <\/div>\r\n                    <\/div>\r\n                                        <div class=\"accordion-item\">\r\n                        <h5 class=\"accordion-header\" id=\"faq2\">\r\n                            <button class=\"accordion-button collapsed\" type=\"button\" data-bs-toggle=\"collapse\" data-bs-target=\"#tronix-faq-item-13312\" aria-expanded=\"false\" aria-controls=\"tronix-faq-item-13312\">\r\n                                Combien co\u00fbte une moustiquaire ?                            <\/button>\r\n                        <\/h5>\r\n                        <div id=\"tronix-faq-item-13312\" class=\"accordion-collapse collapse \" aria-labelledby=\"faq2\" data-bs-parent=\"#tronix-faq\">\r\n                        <div class=\"accordion-body\"><p>Le prix d\u00e9pendra de la surface \u00e0 couvrir en fonction de la hauteur et de la largeur ainsi que la couleur de vos ouvertures<\/p><\/div>\r\n                        <\/div>\r\n                    <\/div>\r\n                                        <div class=\"accordion-item\">\r\n                        <h5 class=\"accordion-header\" id=\"faq3\">\r\n                            <button class=\"accordion-button collapsed\" type=\"button\" data-bs-toggle=\"collapse\" data-bs-target=\"#tronix-faq-item-13313\" aria-expanded=\"false\" aria-controls=\"tronix-faq-item-13313\">\r\n                                Avez-vous des moustiquaires adapt\u00e9es pour un chat ?                            <\/button>\r\n                        <\/h5>\r\n                        <div id=\"tronix-faq-item-13313\" class=\"accordion-collapse collapse \" aria-labelledby=\"faq3\" data-bs-parent=\"#tronix-faq\">\r\n                        <div class=\"accordion-body\"><p>Oui, nous avons des moustiquaires avec toile sp\u00e9ciale animaux<\/p><\/div>\r\n                        <\/div>\r\n                    <\/div>\r\n                                        <div class=\"accordion-item\">\r\n                        <h5 class=\"accordion-header\" id=\"faq4\">\r\n                            <button class=\"accordion-button collapsed\" type=\"button\" data-bs-toggle=\"collapse\" data-bs-target=\"#tronix-faq-item-13314\" aria-expanded=\"false\" aria-controls=\"tronix-faq-item-13314\">\r\n                                Quel est le d\u00e9lai de livraison ?                            <\/button>\r\n                        <\/h5>\r\n                        <div id=\"tronix-faq-item-13314\" class=\"accordion-collapse collapse \" aria-labelledby=\"faq4\" data-bs-parent=\"#tronix-faq\">\r\n                        <div class=\"accordion-body\"><p>Une fois votre commande pass\u00e9e, un d\u00e9lai d'un mois est n\u00e9cessaire pour l'envoie de votre produit<\/p><\/div>\r\n                        <\/div>\r\n                    <\/div>\r\n                                    <\/div>\r\n            <\/div>\r\n        <\/div>\r\n        \t\t<\/div>\n\t\t\t\t<\/div>\n\t\t\t\t\t<\/div>\n\t\t<\/div>\n\t\t\t\t<div class=\"elementor-column elementor-col-50 elementor-top-column elementor-element elementor-element-c8bca6c\" data-id=\"c8bca6c\" data-element_type=\"column\">\n\t\t\t<div class=\"elementor-widget-wrap elementor-element-populated\">\n\t\t\t\t\t\t\t\t<div class=\"elementor-element elementor-element-ea0a6a5 elementor-widget elementor-widget-spacer\" data-id=\"ea0a6a5\" data-element_type=\"widget\" data-widget_type=\"spacer.default\">\n\t\t\t\t<div class=\"elementor-widget-container\">\n\t\t\t<style>\/*! elementor - v3.18.0 - 08-12-2023 *\/\n.elementor-column .elementor-spacer-inner{height:var(--spacer-size)}.e-con{--container-widget-width:100%}.e-con-inner>.elementor-widget-spacer,.e-con>.elementor-widget-spacer{width:var(--container-widget-width,var(--spacer-size));--align-self:var(--container-widget-align-self,initial);--flex-shrink:0}.e-con-inner>.elementor-widget-spacer>.elementor-widget-container,.e-con>.elementor-widget-spacer>.elementor-widget-container{height:100%;width:100%}.e-con-inner>.elementor-widget-spacer>.elementor-widget-container>.elementor-spacer,.e-con>.elementor-widget-spacer>.elementor-widget-container>.elementor-spacer{height:100%}.e-con-inner>.elementor-widget-spacer>.elementor-widget-container>.elementor-spacer>.elementor-spacer-inner,.e-con>.elementor-widget-spacer>.elementor-widget-container>.elementor-spacer>.elementor-spacer-inner{height:var(--container-widget-height,var(--spacer-size))}.e-con-inner>.elementor-widget-spacer.elementor-widget-empty,.e-con>.elementor-widget-spacer.elementor-widget-empty{position:relative;min-height:22px;min-width:22px}.e-con-inner>.elementor-widget-spacer.elementor-widget-empty .elementor-widget-empty-icon,.e-con>.elementor-widget-spacer.elementor-widget-empty .elementor-widget-empty-icon{position:absolute;top:0;bottom:0;left:0;right:0;margin:auto;padding:0;width:22px;height:22px}<\/style>\t\t<div class=\"elementor-spacer\">\n\t\t\t<div class=\"elementor-spacer-inner\"><\/div>\n\t\t<\/div>\n\t\t\t\t<\/div>\n\t\t\t\t<\/div>\n\t\t\t\t<div class=\"elementor-element elementor-element-0e1fe48 elementor-widget__width-initial elementor-widget elementor-widget-image\" data-id=\"0e1fe48\" data-element_type=\"widget\" data-widget_type=\"image.default\">\n\t\t\t\t<div class=\"elementor-widget-container\">\n\t\t\t<style>\/*! elementor - v3.18.0 - 08-12-2023 *\/\n.elementor-widget-image{text-align:center}.elementor-widget-image a{display:inline-block}.elementor-widget-image a img[src$=\".svg\"]{width:48px}.elementor-widget-image img{vertical-align:middle;display:inline-block}<\/style>\t\t\t\t\t\t\t\t\t\t\t\t<img fetchpriority=\"high\" decoding=\"async\" width=\"770\" height=\"773\" src=\"https:\/\/stopmoustiquaires.fr\/wp-content\/uploads\/2023\/11\/Screenshot-2023-11-13-004201.png\" class=\"attachment-1536x1536 size-1536x1536 wp-image-4005\" alt=\"\" srcset=\"https:\/\/stopmoustiquaires.fr\/wp-content\/uploads\/2023\/11\/Screenshot-2023-11-13-004201.png 770w, https:\/\/stopmoustiquaires.fr\/wp-content\/uploads\/2023\/11\/Screenshot-2023-11-13-004201-300x300.png 300w, https:\/\/stopmoustiquaires.fr\/wp-content\/uploads\/2023\/11\/Screenshot-2023-11-13-004201-150x150.png 150w, https:\/\/stopmoustiquaires.fr\/wp-content\/uploads\/2023\/11\/Screenshot-2023-11-13-004201-768x771.png 768w, https:\/\/stopmoustiquaires.fr\/wp-content\/uploads\/2023\/11\/Screenshot-2023-11-13-004201-600x602.png 600w, https:\/\/stopmoustiquaires.fr\/wp-content\/uploads\/2023\/11\/Screenshot-2023-11-13-004201-100x100.png 100w\" sizes=\"(max-width: 770px) 100vw, 770px\" \/>\t\t\t\t\t\t\t\t\t\t\t\t\t\t\t<\/div>\n\t\t\t\t<\/div>\n\t\t\t\t\t<\/div>\n\t\t<\/div>\n\t\t\t\t\t\t\t<\/div>\n\t\t<\/section>\n\t\t\t\t<section class=\"elementor-section elementor-top-section elementor-element elementor-element-0a46144 elementor-section-boxed elementor-section-height-default elementor-section-height-default\" data-id=\"0a46144\" data-element_type=\"section\">\n\t\t\t\t\t\t<div class=\"elementor-container elementor-column-gap-no\">\n\t\t\t\t\t<div class=\"elementor-column elementor-col-100 elementor-top-column elementor-element elementor-element-c8a4900\" data-id=\"c8a4900\" data-element_type=\"column\">\n\t\t\t<div class=\"elementor-widget-wrap elementor-element-populated\">\n\t\t\t\t\t\t\t\t<div class=\"elementor-element elementor-element-0b5c8b9 elementor-widget elementor-widget-tronix_title\" data-id=\"0b5c8b9\" data-element_type=\"widget\" data-widget_type=\"tronix_title.default\">\n\t\t\t\t<div class=\"elementor-widget-container\">\n\t\t\t        <div class=\"tronix-section-title-wrapper\">\n           <div class=\"container\">\n           <div class=\"tronix-section-title-content\">\n                                                    <h2 class=\"tronix-section-title\">\n                        Vous avez d&#039;autres questions ?                    <\/h2>\n                                                    <div class=\"tronix-section-description\">\n                        Posez les nous via la formulaire de contact ou par whatsapp!                <\/div>\n                           <\/div>\n        <\/div>\n           <\/div>\n        \t\t<\/div>\n\t\t\t\t<\/div>\n\t\t\t\t<div class=\"elementor-element elementor-element-ff48b97 elementor-align-center elementor-widget elementor-widget-button\" data-id=\"ff48b97\" data-element_type=\"widget\" data-widget_type=\"button.default\">\n\t\t\t\t<div class=\"elementor-widget-container\">\n\t\t\t\t\t<div class=\"elementor-button-wrapper\">\n\t\t\t<a class=\"elementor-button elementor-button-link elementor-size-lg\" href=\"https:\/\/stopmoustiquaires.fr\/index.php\/contact\/\">\n\t\t\t\t\t\t<span class=\"elementor-button-content-wrapper\">\n\t\t\t\t\t\t<span class=\"elementor-button-icon elementor-align-icon-left\">\n\t\t\t\t<svg aria-hidden=\"true\" class=\"e-font-icon-svg e-far-comment-dots\" viewBox=\"0 0 512 512\" xmlns=\"http:\/\/www.w3.org\/2000\/svg\"><path d=\"M144 208c-17.7 0-32 14.3-32 32s14.3 32 32 32 32-14.3 32-32-14.3-32-32-32zm112 0c-17.7 0-32 14.3-32 32s14.3 32 32 32 32-14.3 32-32-14.3-32-32-32zm112 0c-17.7 0-32 14.3-32 32s14.3 32 32 32 32-14.3 32-32-14.3-32-32-32zM256 32C114.6 32 0 125.1 0 240c0 47.6 19.9 91.2 52.9 126.3C38 405.7 7 439.1 6.5 439.5c-6.6 7-8.4 17.2-4.6 26S14.4 480 24 480c61.5 0 110-25.7 139.1-46.3C192 442.8 223.2 448 256 448c141.4 0 256-93.1 256-208S397.4 32 256 32zm0 368c-26.7 0-53.1-4.1-78.4-12.1l-22.7-7.2-19.5 13.8c-14.3 10.1-33.9 21.4-57.5 29 7.3-12.1 14.4-25.7 19.9-40.2l10.6-28.1-20.6-21.8C69.7 314.1 48 282.2 48 240c0-88.2 93.3-160 208-160s208 71.8 208 160-93.3 160-208 160z\"><\/path><\/svg>\t\t\t<\/span>\n\t\t\t\t\t\t<span class=\"elementor-button-text\">Nous contacter<\/span>\n\t\t<\/span>\n\t\t\t\t\t<\/a>\n\t\t<\/div>\n\t\t\t\t<\/div>\n\t\t\t\t<\/div>\n\t\t\t\t\t<\/div>\n\t\t<\/div>\n\t\t\t\t\t\t\t<\/div>\n\t\t<\/section>\n\t\t\t\t\t\t\t<\/div>\n\t\t","protected":false},"excerpt":{"rendered":"<p>Existe-t-il des moustiquaires pour toutes les ouvertures ? Nos moustiquaires sont con\u00e7ues sur mesure et dans tous les ral de couleurs Combien co\u00fbte une moustiquaire ? Le prix d\u00e9pendra de la surface \u00e0 couvrir en fonction de la hauteur et de la largeur ainsi que la couleur de vos ouvertures Avez-vous des moustiquaires adapt\u00e9es pour [&hellip;]<\/p>\n","protected":false},"author":1,"featured_media":0,"parent":0,"menu_order":0,"comment_status":"closed","ping_status":"closed","template":"blank-template.php","meta":{"_monsterinsights_skip_tracking":false,"_monsterinsights_sitenote_active":false,"_monsterinsights_sitenote_note":"","_monsterinsights_sitenote_category":0,"footnotes":"","_joinchat":[]},"aioseo_notices":[],"_links":{"self":[{"href":"https:\/\/stopmoustiquaires.fr\/index.php\/wp-json\/wp\/v2\/pages\/2063"}],"collection":[{"href":"https:\/\/stopmoustiquaires.fr\/index.php\/wp-json\/wp\/v2\/pages"}],"about":[{"href":"https:\/\/stopmoustiquaires.fr\/index.php\/wp-json\/wp\/v2\/types\/page"}],"author":[{"embeddable":true,"href":"https:\/\/stopmoustiquaires.fr\/index.php\/wp-json\/wp\/v2\/users\/1"}],"replies":[{"embeddable":true,"href":"https:\/\/stopmoustiquaires.fr\/index.php\/wp-json\/wp\/v2\/comments?post=2063"}],"version-history":[{"count":19,"href":"https:\/\/stopmoustiquaires.fr\/index.php\/wp-json\/wp\/v2\/pages\/2063\/revisions"}],"predecessor-version":[{"id":4435,"href":"https:\/\/stopmoustiquaires.fr\/index.php\/wp-json\/wp\/v2\/pages\/2063\/revisions\/4435"}],"wp:attachment":[{"href":"https:\/\/stopmoustiquaires.fr\/index.php\/wp-json\/wp\/v2\/media?parent=2063"}],"curies":[{"name":"wp","href":"https:\/\/api.w.org\/{rel}","templated":true}]}}